{"id":40,"date":"2025-05-25T11:09:16","date_gmt":"2025-05-25T11:09:16","guid":{"rendered":"https:\/\/isolering.com\/?page_id=40"},"modified":"2025-06-23T12:53:08","modified_gmt":"2025-06-23T12:53:08","slug":"liftudlejning","status":"publish","type":"page","link":"https:\/\/isolering.com\/index.php\/liftudlejning\/","title":{"rendered":"Liftudlejning"},"content":{"rendered":"<div class=\"et_pb_section_0 et_pb_section et_section_regular et_flex_section\">\n<div class=\"et_pb_row_0 et_pb_row et_flex_row\">\n<div class=\"et_pb_column_0 et_pb_column et_flex_column et_pb_css_mix_blend_mode_passthrough et_flex_column_24_24 et_flex_column_24_24_tablet et_flex_column_24_24_phone\">\n<div class=\"et_pb_heading_0 et_pb_heading et_pb_module et_flex_module preset--module--divi-heading--default\"><div class=\"et_pb_heading_container\"><h2 class=\"et_pb_module_header\">Liftudlejning \u2013 Saxlifte til arbejde i op til 10 meters h\u00f8jde\n<\/h2><\/div><\/div>\n\n<div class=\"et_pb_text_0 et_pb_text et_pb_bg_layout_light et_pb_module et_flex_module preset--module--divi-text--default\"><div class=\"et_pb_text_inner\"><p class=\"whitespace-normal break-words\">Altisol Industri Isolering tilbyder <strong data-start=\"262\" data-end=\"310\">udlejning af kompakte og p\u00e5lidelige saxlifte<\/strong>, velegnede til b\u00e5de indend\u00f8rs og udend\u00f8rs arbejde. Vores lifte bruges blandt andet til teknisk isolering, elinstallationer, montageopgaver og vedligeholdelse \u2013 og kan lejes med eller uden transporttrailer.<\/p>\n<\/div><\/div>\n<\/div>\n\n<div class=\"et_pb_column_1 et_pb_column et-last-child et_flex_column et_pb_css_mix_blend_mode_passthrough et_flex_column_24_24 et_flex_column_24_24_tablet et_flex_column_24_24_phone\">\n<div class=\"et_pb_image_0 et_pb_image et_pb_module et_flex_module\"><span class=\"et_pb_image_wrap\"><img loading=\"lazy\" decoding=\"async\" src=\"https:\/\/isolering.com\/wp-content\/uploads\/2025\/05\/altisol-liftudlejning-1caesium.jpg\" alt=\"Lift til udlejning fra Altisol. N\u00e5 h\u00f8jere op med vores Saxlifte.\" title=\"altisol-liftudlejning\" width=\"1350\" height=\"1800\" srcset=\"https:\/\/isolering.com\/wp-content\/uploads\/2025\/05\/altisol-liftudlejning-1caesium.jpg 1350w, https:\/\/isolering.com\/wp-content\/uploads\/2025\/05\/altisol-liftudlejning-1caesium-1280x1707.jpg 1280w, https:\/\/isolering.com\/wp-content\/uploads\/2025\/05\/altisol-liftudlejning-1caesium-980x1307.jpg 980w, https:\/\/isolering.com\/wp-content\/uploads\/2025\/05\/altisol-liftudlejning-1caesium-480x640.jpg 480w\" sizes=\"(min-width: 0px) and (max-width: 480px) 480px, (min-width: 481px) and (max-width: 980px) 980px, (min-width: 981px) and (max-width: 1280px) 1280px, (min-width: 1281px) 1350px, 100vw\" class=\"wp-image-174\" \/><\/span><\/div>\n<\/div>\n<\/div>\n<\/div>\n\n<div class=\"et_pb_section_1 et_pb_section et_section_regular et_flex_section\">\n<div class=\"et_pb_row_1 et_pb_row et_flex_row preset--module--divi-row--5138c454-be54-4233-bd3b-f8e6a8747976\">\n<div class=\"et_pb_column_2 et_pb_column et_flex_column et_pb_css_mix_blend_mode_passthrough et_flex_column_24_24 et_flex_column_24_24_tablet et_flex_column_24_24_phone preset--module--divi-column--73121f80-a3ef-4484-8763-c3f18e3c56d2\">\n<div class=\"et_pb_image_1 et_pb_image et_pb_module et_flex_module preset--module--divi-image--1cc6152f-565c-4c4d-b0c9-cf8c9576c341\"><span class=\"et_pb_image_wrap\"><img loading=\"lazy\" decoding=\"async\" src=\"https:\/\/isolering.com\/wp-content\/uploads\/2025\/05\/motorrum.jpg\" alt=\"Motorrum p\u00e5 skib\" title=\"motorrum-paa-skib\" width=\"768\" height=\"1024\" srcset=\"https:\/\/isolering.com\/wp-content\/uploads\/2025\/05\/motorrum.jpg 768w, https:\/\/isolering.com\/wp-content\/uploads\/2025\/05\/motorrum-480x640.jpg 480w\" sizes=\"(min-width: 0px) and (max-width: 480px) 480px, (min-width: 481px) 768px, 100vw\" class=\"wp-image-130\" \/><\/span><\/div>\n<\/div>\n\n<div class=\"et_pb_column_3 et_pb_column et-last-child et_flex_column et_pb_css_mix_blend_mode_passthrough et_flex_column_24_24 et_flex_column_24_24_tablet et_flex_column_24_24_phone preset--module--divi-column--73121f80-a3ef-4484-8763-c3f18e3c56d2\">\n<div class=\"et_pb_heading_1 et_pb_heading et_pb_module et_flex_module preset--module--divi-heading--c33f07d9-41e0-421a-8799-5799df695cce\"><div class=\"et_pb_heading_container\"><h2 class=\"et_pb_module_header\">Vores saxlifte<\/h2><\/div><\/div>\n\n<div class=\"et_pb_text_1 et_pb_text et_pb_bg_layout_light et_pb_module et_flex_module preset--module--divi-text--2c55a9c4-feed-423b-9edb-ae0b5b365cac\"><div class=\"et_pb_text_inner\"><h3 data-start=\"518\" data-end=\"552\">Smalle lifte med h\u00f8j kapacitet<\/h3>\n<p data-start=\"554\" data-end=\"828\">Vi udlejer <strong data-start=\"565\" data-end=\"621\">saxelifte med arbejdsh\u00f8jde p\u00e5 enten 8 eller 10 meter<\/strong>, som er nemme at man\u00f8vrere i smalle gange, produktionsmilj\u00f8er og tekniske rum. De er batteridrevne og emissionsfri, hvilket g\u00f8r dem velegnede til indend\u00f8rs brug, men de kan naturligvis ogs\u00e5 bruges udend\u00f8rs.<\/p>\n<h3 data-start=\"1043\" data-end=\"1087\">Transport \u2013 afhent selv eller f\u00e5 leveret<\/h3>\n<p data-start=\"1089\" data-end=\"1352\">Liftene transporteres p\u00e5 vores <strong data-start=\"1120\" data-end=\"1152\">specialdesignede lifttrailer<\/strong>, som kan lejes sammen med liften. Du kan <strong data-start=\"1194\" data-end=\"1208\">hente selv<\/strong> eller v\u00e6lge <strong data-start=\"1221\" data-end=\"1262\">levering til byggeplads eller adresse<\/strong>. Traileren er nem at tilkoble og kan h\u00e5ndteres med almindelig varevogn eller let lastbil.<\/p>\n<h3 data-start=\"1354\" data-end=\"1386\">Sikkerhed og brugervenlighed<\/h3>\n<p data-start=\"1388\" data-end=\"1667\">Alle lifte er <strong data-start=\"1402\" data-end=\"1439\">CE-m\u00e6rkede og sikkerhedsgodkendte<\/strong>. Vi s\u00f8rger for grundig instruktion ved afhentning eller levering, s\u00e5 du kan arbejde sikkert og effektivt fra f\u00f8rste l\u00f8ft. Betjeningen er enkel, og liftene kr\u00e6ver ikke s\u00e6rlige certifikater for at blive anvendt af professionelle.<\/p>\n<\/div><\/div>\n<\/div>\n<\/div>\n<\/div>\n\n<div class=\"et_pb_section_2 et_pb_section et_section_regular et_flex_section\">\n<div class=\"et_pb_row_2 et_pb_row et_flex_row\">\n<div class=\"et_pb_column_4 et_pb_column et_flex_column et_pb_css_mix_blend_mode_passthrough et_flex_column_24_24 et_flex_column_24_24_tablet et_flex_column_24_24_phone\">\n<div class=\"et_pb_heading_2 et_pb_heading et_pb_module et_flex_module preset--module--divi-heading--c33f07d9-41e0-421a-8799-5799df695cce\"><div class=\"et_pb_heading_container\"><h2 class=\"et_pb_module_header\">Specifikationer<\/h2><\/div><\/div>\n<\/div>\n\n<div class=\"et_pb_column_5 et_pb_column et-last-child et_flex_column et_pb_column_empty et_pb_css_mix_blend_mode_passthrough et_flex_column_24_24 et_flex_column_24_24_tablet et_flex_column_24_24_phone\"><\/div>\n<\/div>\n\n<div class=\"et_pb_row_3 et_pb_row et_flex_row\">\n<div class=\"et_pb_column_6 et_pb_column et_flex_column et_pb_css_mix_blend_mode_passthrough et_flex_column_24_24 et_flex_column_24_24_tablet et_flex_column_24_24_phone\">\n<div class=\"et_pb_blurb_0 et_pb_blurb et_pb_bg_layout_light et_pb_blurb_position_left et_pb_module et_flex_module preset--module--divi-blurb--65059203-12d3-44f6-8371-3f5cf61a0475\"><div class=\"et_pb_blurb_content et_flex_module\"><div class=\"et_pb_main_blurb_image\"><span class=\"et_pb_image_wrap\"><span class=\"et-pb-icon\">*<\/span><\/span><\/div><div class=\"et_pb_blurb_container\"><h4 class=\"et_pb_module_header\">Arbejdsh\u00f8jde: 8 m og 10 m\n\n<\/h4><div class=\"et_pb_blurb_description\"><p>Vi anvender kun materialer fra anerkendte producenter, hvilket garanterer holdbarhed og optimal isoleringseffekt.<\/p>\n<\/div><\/div><\/div><\/div>\n\n<div class=\"et_pb_blurb_1 et_pb_blurb et_pb_bg_layout_light et_pb_blurb_position_left et_pb_module et_flex_module preset--module--divi-blurb--65059203-12d3-44f6-8371-3f5cf61a0475\"><div class=\"et_pb_blurb_content et_flex_module\"><div class=\"et_pb_main_blurb_image\"><span class=\"et_pb_image_wrap\"><span class=\"et-pb-icon\">,<\/span><\/span><\/div><div class=\"et_pb_blurb_container\"><h4 class=\"et_pb_module_header\">Bredde: 81 cm\n\n<\/h4><div class=\"et_pb_blurb_description\"><p>Vi tilbyder skr\u00e6ddersyede l\u00f8sninger, der passer til enhver type projekt, fra sm\u00e5 opgaver til store industrielle installationer.<\/p>\n<\/div><\/div><\/div><\/div>\n\n<div class=\"et_pb_blurb_2 et_pb_blurb et_pb_bg_layout_light et_pb_blurb_position_left et_pb_module et_flex_module preset--module--divi-blurb--65059203-12d3-44f6-8371-3f5cf61a0475\"><div class=\"et_pb_blurb_content et_flex_module\"><div class=\"et_pb_main_blurb_image\"><span class=\"et_pb_image_wrap\"><span class=\"et-pb-icon\">\uf5df<\/span><\/span><\/div><div class=\"et_pb_blurb_container\"><h4 class=\"et_pb_module_header\">Drift: Batteri (ingen udst\u00f8dning)\n\n\n\n<\/h4><div class=\"et_pb_blurb_description\"><p>Vi tilbyder skr\u00e6ddersyede l\u00f8sninger, der passer til enhver type projekt, fra sm\u00e5 opgaver til store industrielle installationer.<\/p>\n<\/div><\/div><\/div><\/div>\n<\/div>\n\n<div class=\"et_pb_column_7 et_pb_column et-last-child et_flex_column et_pb_css_mix_blend_mode_passthrough et_flex_column_24_24 et_flex_column_24_24_tablet et_flex_column_24_24_phone\">\n<div class=\"et_pb_blurb_3 et_pb_blurb et_pb_bg_layout_light et_pb_blurb_position_left et_pb_module et_flex_module preset--module--divi-blurb--65059203-12d3-44f6-8371-3f5cf61a0475\"><div class=\"et_pb_blurb_content et_flex_module\"><div class=\"et_pb_main_blurb_image\"><span class=\"et_pb_image_wrap\"><span class=\"et-pb-icon\">\uf4bd<\/span><\/span><\/div><div class=\"et_pb_blurb_container\"><h4 class=\"et_pb_module_header\">L\u00f8fteh\u00f8jde: 6 m og 8 m\n\n<\/h4><div class=\"et_pb_blurb_description\"><p>Vores metoder inkluderer den nyeste teknologi for at sikre pr\u00e6cision og effektivitet i alle isoleringsprojekter.<\/p>\n<\/div><\/div><\/div><\/div>\n\n<div class=\"et_pb_blurb_4 et_pb_blurb et_pb_bg_layout_light et_pb_blurb_position_left et_pb_module et_flex_module preset--module--divi-blurb--65059203-12d3-44f6-8371-3f5cf61a0475\"><div class=\"et_pb_blurb_content et_flex_module\"><div class=\"et_pb_main_blurb_image\"><span class=\"et_pb_image_wrap\"><span class=\"et-pb-icon\">\uf034<\/span><\/span><\/div><div class=\"et_pb_blurb_container\"><h4 class=\"et_pb_module_header\">H\u00f8jde med nedsl\u00e5et gel\u00e6nder: 199 cm\n\n<\/h4><div class=\"et_pb_blurb_description\"><p>Vores isoleringsmetoder er designet til at v\u00e6re b\u00e6redygtige og reducere milj\u00f8p\u00e5virkningen, samtidig med at de opfylder alle sikkerhedsstandarder.<\/p>\n<\/div><\/div><\/div><\/div>\n\n<div class=\"et_pb_blurb_5 et_pb_blurb et_pb_bg_layout_light et_pb_blurb_position_left et_pb_module et_flex_module preset--module--divi-blurb--65059203-12d3-44f6-8371-3f5cf61a0475\"><div class=\"et_pb_blurb_content et_flex_module\"><div class=\"et_pb_main_blurb_image\"><span class=\"et_pb_image_wrap\"><span class=\"et-pb-icon\">\uf515<\/span><\/span><\/div><div class=\"et_pb_blurb_container\"><h4 class=\"et_pb_module_header\">Kapacitet: Til \u00e9n person + v\u00e6rkt\u00f8j\n\n\n\n\n\n<\/h4><div class=\"et_pb_blurb_description\"><p>Vi tilbyder skr\u00e6ddersyede l\u00f8sninger, der passer til enhver type projekt, fra sm\u00e5 opgaver til store industrielle installationer.<\/p>\n<\/div><\/div><\/div><\/div>\n<\/div>\n<\/div>\n<\/div>\n\n<div class=\"et_pb_section_3 et_pb_section et_section_regular et_flex_section\">\n<div class=\"et_pb_row_4 et_pb_row et_flex_row preset--module--divi-row--5138c454-be54-4233-bd3b-f8e6a8747976\">\n<div class=\"et_pb_column_8 et_pb_column et-last-child et_flex_column et_pb_css_mix_blend_mode_passthrough et_flex_column_24_24 et_flex_column_24_24_tablet et_flex_column_24_24_phone preset--module--divi-column--73121f80-a3ef-4484-8763-c3f18e3c56d2\">\n<div class=\"et_pb_cta_0 et_pb_promo et_pb_bg_layout_light et_pb_module et_flex_module preset--module--divi-cta--4c2ad5d0-871e-414e-a4be-aa9134d4ae8e\"><div class=\"et_pb_promo_description\"><h2 class=\"et_pb_module_header\">Kontakt os i dag for priser og booking\n<\/h2><div class=\"et_pb_promo_content\"><p>Ring eller skriv \u2013 vi giver dig hurtigt et uforpligtende tilbud p\u00e5 liftudlejning med eller uden trailer.<\/p>\n<\/div><\/div><div class=\"et_pb_button_wrapper\"><a class=\"et_pb_button et_pb_promo_button\" href=\"#\">F\u00e5 et Tilbud<\/a><\/div><\/div>\n<\/div>\n<\/div>\n<\/div>","protected":false},"excerpt":{"rendered":"","protected":false},"author":1,"featured_media":0,"parent":0,"menu_order":0,"comment_status":"closed","ping_status":"closed","template":"","meta":{"footnotes":""},"class_list":["post-40","page","type-page","status-publish","hentry"],"_links":{"self":[{"href":"https:\/\/isolering.com\/index.php\/wp-json\/wp\/v2\/pages\/40","targetHints":{"allow":["GET"]}}],"collection":[{"href":"https:\/\/isolering.com\/index.php\/wp-json\/wp\/v2\/pages"}],"about":[{"href":"https:\/\/isolering.com\/index.php\/wp-json\/wp\/v2\/types\/page"}],"author":[{"embeddable":true,"href":"https:\/\/isolering.com\/index.php\/wp-json\/wp\/v2\/users\/1"}],"replies":[{"embeddable":true,"href":"https:\/\/isolering.com\/index.php\/wp-json\/wp\/v2\/comments?post=40"}],"version-history":[{"count":5,"href":"https:\/\/isolering.com\/index.php\/wp-json\/wp\/v2\/pages\/40\/revisions"}],"predecessor-version":[{"id":272,"href":"https:\/\/isolering.com\/index.php\/wp-json\/wp\/v2\/pages\/40\/revisions\/272"}],"wp:attachment":[{"href":"https:\/\/isolering.com\/index.php\/wp-json\/wp\/v2\/media?parent=40"}],"curies":[{"name":"wp","href":"https:\/\/api.w.org\/{rel}","templated":true}]}}