{"id":30,"date":"2025-05-25T10:38:39","date_gmt":"2025-05-25T10:38:39","guid":{"rendered":"https:\/\/isolering.com\/?page_id=30"},"modified":"2025-06-23T13:45:21","modified_gmt":"2025-06-23T13:45:21","slug":"hoejtemperaturisolering","status":"publish","type":"page","link":"https:\/\/isolering.com\/index.php\/hoejtemperaturisolering\/","title":{"rendered":"H\u00f8jtemperaturisolering"},"content":{"rendered":"<div class=\"et_pb_section_0 et_pb_section et_section_regular et_flex_section\">\n<div class=\"et_pb_row_0 et_pb_row et_flex_row preset--module--divi-row--5138c454-be54-4233-bd3b-f8e6a8747976\">\n<div class=\"et_pb_column_0 et_pb_column et-last-child et_flex_column et_pb_css_mix_blend_mode_passthrough et_flex_column_24_24 et_flex_column_24_24_tablet et_flex_column_24_24_phone preset--module--divi-column--73121f80-a3ef-4484-8763-c3f18e3c56d2\">\n<div class=\"et_pb_heading_0 et_pb_heading et_pb_module et_flex_module preset--module--divi-heading--f0c675ea-2574-4d0e-b725-30f8550a8550\"><div class=\"et_pb_heading_container\"><h4 class=\"et_pb_module_header\">Effektiv og fleksibel H\u00f8jtemperaturisolering<\/h4><\/div><\/div>\n\n<div class=\"et_pb_heading_1 et_pb_heading et_pb_module et_flex_module preset--module--divi-heading--ddeb8c09-9078-4424-bc15-2efb6572e28e\"><div class=\"et_pb_heading_container\"><h1 class=\"et_pb_module_header\">Specialiseret H\u00f8jtemperaturisolering til kritiske industrielle applikationer\n\n<\/h1><\/div><\/div>\n\n<div class=\"et_pb_text_0 et_pb_text et_pb_bg_layout_light et_pb_module et_flex_module preset--module--divi-text--2c55a9c4-feed-423b-9edb-ae0b5b365cac\"><div class=\"et_pb_text_inner\"><p class=\"whitespace-normal break-words\">Altisol tilbyder skr\u00e6ddersyede l\u00f8sninger med h\u00f8jtemperatur-isoleringsmaterialer til pr\u00e6cis beskyttelse i ekstreme termiske milj\u00f8er inden for industri, maritim, milit\u00e6r og off-shore industri.<\/p>\n<\/div><\/div>\n\n<div class=\"et_pb_image_0 et_pb_image et_pb_module et_flex_module preset--module--divi-image--1cc6152f-565c-4c4d-b0c9-cf8c9576c341\"><span class=\"et_pb_image_wrap\"><img loading=\"lazy\" decoding=\"async\" src=\"https:\/\/isolering.com\/wp-content\/uploads\/2025\/06\/hoejtemperatur-isolering-01caesium.jpg\" alt=\"Kampvognsdel isoleret med h\u00f8jtemperatur isolering fra Altisol Industri Isolering i Lemvig\" title=\"hoejtemperatur-isolering-01\" width=\"1280\" height=\"960\" srcset=\"https:\/\/isolering.com\/wp-content\/uploads\/2025\/06\/hoejtemperatur-isolering-01caesium.jpg 1280w, https:\/\/isolering.com\/wp-content\/uploads\/2025\/06\/hoejtemperatur-isolering-01caesium-980x735.jpg 980w, https:\/\/isolering.com\/wp-content\/uploads\/2025\/06\/hoejtemperatur-isolering-01caesium-480x360.jpg 480w\" sizes=\"(min-width: 0px) and (max-width: 480px) 480px, (min-width: 481px) and (max-width: 980px) 980px, (min-width: 981px) 1280px, 100vw\" class=\"wp-image-329\" \/><\/span><\/div>\n<\/div>\n<\/div>\n<\/div>\n\n<div class=\"et_pb_section_1 et_pb_section et_section_regular et_flex_section\">\n<div class=\"et_pb_row_1 et_pb_row et_flex_row preset--module--divi-row--048d8e79-b07f-439b-bd57-f41c14f0a56b\">\n<div class=\"et_pb_column_1 et_pb_column et-last-child et_flex_column et_pb_css_mix_blend_mode_passthrough et_flex_column_24_24 et_flex_column_24_24_tablet et_flex_column_24_24_phone\">\n<div class=\"et_pb_heading_2 et_pb_heading et_pb_module et_flex_module preset--module--divi-heading--c33f07d9-41e0-421a-8799-5799df695cce\"><div class=\"et_pb_heading_container\"><h2 class=\"et_pb_module_header\">Om Altisol Industri Isolering ApS<\/h2><\/div><\/div>\n\n<div class=\"et_pb_text_1 et_pb_text et_pb_bg_layout_light et_pb_module et_flex_module preset--module--divi-text--2c55a9c4-feed-423b-9edb-ae0b5b365cac\"><div class=\"et_pb_text_inner\"><p data-start=\"3915\" data-end=\"4325\">H\u00f8jtemperaturisolering er en af vores kernekompetencer, n\u00e5r der er behov for termisk beskyttelse under ekstreme forhold. Vi anvender specialiserede h\u00f8jtemperaturmaterialer til isolering af udst\u00f8dninger, manifolde og kritiske komponenter, hvor standardisolering ikke er tilstr\u00e6kkelig. Vores l\u00f8sninger er ideelle til ekstreme temperaturer og er testet til b\u00e5de kontinuerlig drift og termisk chok. Altisol leverer b\u00e5de p\u00e5 funktionalitet og sikkerhed \u2013 hurtigt og professionelt.<\/p>\n<\/div><\/div>\n\n<div class=\"et_pb_image_1 et_pb_image et_pb_module et_flex_module\"><span class=\"et_pb_image_wrap\"><img loading=\"lazy\" decoding=\"async\" src=\"https:\/\/isolering.com\/wp-content\/uploads\/2025\/05\/altisol-industri-isolering_logo.png\" alt=\"Altisol Industri Isolerings logo\" title=\"altisol-industri-isolering_logo\" width=\"361\" height=\"330\" srcset=\"https:\/\/isolering.com\/wp-content\/uploads\/2025\/05\/altisol-industri-isolering_logo.png 361w, https:\/\/isolering.com\/wp-content\/uploads\/2025\/05\/altisol-industri-isolering_logo-300x274.png 300w\" sizes=\"(max-width: 361px) 100vw, 361px\" class=\"wp-image-70\" \/><\/span><\/div>\n<\/div>\n<\/div>\n<\/div>\n\n<div class=\"et_pb_section_2 et_pb_section et_section_regular et_flex_section\">\n<div class=\"et_pb_row_2 et_pb_row et_flex_row preset--module--divi-row--5138c454-be54-4233-bd3b-f8e6a8747976\">\n<div class=\"et_pb_column_2 et_pb_column et-last-child et_flex_column et_pb_css_mix_blend_mode_passthrough et_flex_column_24_24 et_flex_column_24_24_tablet et_flex_column_24_24_phone preset--module--divi-column--73121f80-a3ef-4484-8763-c3f18e3c56d2\">\n<div class=\"et_pb_heading_3 et_pb_heading et_pb_module et_flex_module preset--module--divi-heading--c33f07d9-41e0-421a-8799-5799df695cce\"><div class=\"et_pb_heading_container\"><h2 class=\"et_pb_module_header\">Vores H\u00f8jtemperaturisolerings ydelser<\/h2><\/div><\/div>\n<\/div>\n<\/div>\n\n<div class=\"et_pb_row_3 et_pb_row et_flex_row preset--module--divi-row--5138c454-be54-4233-bd3b-f8e6a8747976\">\n<div class=\"et_pb_column_3 et_pb_column et_flex_column et_pb_css_mix_blend_mode_passthrough et_flex_column_24_24 et_flex_column_24_24_tablet et_flex_column_24_24_phone preset--module--divi-column--73121f80-a3ef-4484-8763-c3f18e3c56d2\">\n<div class=\"et_pb_blurb_0 et_pb_blurb et_pb_bg_layout_light et_pb_text_align_left et_pb_blurb_position_top et_pb_module et_flex_module preset--module--divi-blurb--212b201d-2c34-41bd-936c-851b7357d08b\"><div class=\"et_pb_blurb_content et_flex_module\"><div class=\"et_pb_main_blurb_image\"><span class=\"et_pb_image_wrap\"><span class=\"et-pb-icon\">\uf65e<\/span><\/span><\/div><div class=\"et_pb_blurb_container\"><h4 class=\"et_pb_module_header\">Udst\u00f8dningssystemer\n\n<\/h4><div class=\"et_pb_blurb_description\"><p class=\"whitespace-normal break-words\">H\u00f8jtemperaturisolering er det foretrukne valg til udst\u00f8dningssystemer, hvor det er afg\u00f8rende at beskytte omgivende strukturer og personale mod ekstrem varme. Vi anvender h\u00f8jtemperaturl\u00f8sninger med h\u00f8j temperaturbestandighed, som effektivt indkapsler varmen og beskytter skroget mod termisk p\u00e5virkning. Vores l\u00f8sninger er s\u00e6rligt velegnede til skibsmotorer, generatoranl\u00e6g og industrielle forbr\u00e6ndingsanl\u00e6g, hvor systemernes sikkerhed og levetid er afg\u00f8rende. Isoleringen dimensioneres efter temperaturprofil og monteres med specialiseret fastg\u00f8relse af vores certificerede mont\u00f8rer.<\/p>\n<\/div><\/div><\/div><\/div>\n<\/div>\n\n<div class=\"et_pb_column_4 et_pb_column et-last-child et_flex_column et_pb_css_mix_blend_mode_passthrough et_flex_column_24_24 et_flex_column_24_24_tablet et_flex_column_24_24_phone preset--module--divi-column--73121f80-a3ef-4484-8763-c3f18e3c56d2\">\n<div class=\"et_pb_blurb_1 et_pb_blurb et_pb_bg_layout_light et_pb_text_align_left et_pb_blurb_position_top et_pb_module et_flex_module preset--module--divi-blurb--212b201d-2c34-41bd-936c-851b7357d08b\"><div class=\"et_pb_blurb_content et_flex_module\"><div class=\"et_pb_main_blurb_image\"><span class=\"et_pb_image_wrap\"><span class=\"et-pb-icon\">\uf76b<\/span><\/span><\/div><div class=\"et_pb_blurb_container\"><h4 class=\"et_pb_module_header\">Manifolde og turbosystemer\n\n\n<\/h4><div class=\"et_pb_blurb_description\"><p class=\"whitespace-normal break-words\">Manifolde og turbosystemer opererer under ekstreme temperaturer og kr\u00e6ver specialiseret isolering, der kan h\u00e5ndtere b\u00e5de h\u00f8j varme og termiske udsving. Vores h\u00f8jtemperaturisolering er let og fleksibel \u2013 og kan anvendes til b\u00e5de afgasr\u00f8r og turboladere i marine og industrielle motorer. Den reducerer varmeudstr\u00e5ling, beskytter mod forbr\u00e6ndinger og forbedrer den samlede systemeffektivitet. Vi tilpasser isoleringen til motorens specifikationer, hvad enten det g\u00e6lder handelsskibe, arbejdsfart\u00f8jer, milit\u00e6re k\u00f8ret\u00f8jer eller industrianl\u00e6g med kontinuerlig drift.<\/p>\n<\/div><\/div><\/div><\/div>\n<\/div>\n<\/div>\n\n<div class=\"et_pb_row_4 et_pb_row et_flex_row preset--module--divi-row--5138c454-be54-4233-bd3b-f8e6a8747976\">\n<div class=\"et_pb_column_5 et_pb_column et_flex_column et_pb_css_mix_blend_mode_passthrough et_flex_column_24_24 et_flex_column_24_24_tablet et_flex_column_24_24_phone preset--module--divi-column--73121f80-a3ef-4484-8763-c3f18e3c56d2\">\n<div class=\"et_pb_blurb_2 et_pb_blurb et_pb_bg_layout_light et_pb_text_align_left et_pb_blurb_position_top et_pb_module et_flex_module preset--module--divi-blurb--212b201d-2c34-41bd-936c-851b7357d08b\"><div class=\"et_pb_blurb_content et_flex_module\"><div class=\"et_pb_main_blurb_image\"><span class=\"et_pb_image_wrap\"><span class=\"et-pb-icon\">\uf67f<\/span><\/span><\/div><div class=\"et_pb_blurb_container\"><h4 class=\"et_pb_module_header\">Specialformede h\u00f8jtemperaturelementer\n\n<\/h4><div class=\"et_pb_blurb_description\"><p class=\"whitespace-normal break-words\">I milit\u00e6re og off-shore installationer er standardl\u00f8sninger sj\u00e6ldent tilstr\u00e6kkelige. Derfor tilbyder Altisol Industri Isolering specialformede h\u00f8jtemperaturelementer, som er pr\u00e6cist tilpasset komplekse geometrier, flangesamlinger og sv\u00e6rt tilg\u00e6ngelige komponenter. Disse fremstilles i vores specialv\u00e6rksted baseret p\u00e5 3D-scanning, tekniske tegninger eller fysiske m\u00e5l, hvilket sikrer perfekt pasform og optimal termisk beskyttelse. Resultatet er ikke kun maksimal sikkerhed \u2013 det er ogs\u00e5 en l\u00f8sning med h\u00f8j isoleringsv\u00e6rdi og lang holdbarhed under ekstreme driftsforhold.<\/p>\n<\/div><\/div><\/div><\/div>\n<\/div>\n\n<div class=\"et_pb_column_6 et_pb_column et-last-child et_flex_column et_pb_css_mix_blend_mode_passthrough et_flex_column_24_24 et_flex_column_24_24_tablet et_flex_column_24_24_phone preset--module--divi-column--73121f80-a3ef-4484-8763-c3f18e3c56d2\">\n<div class=\"et_pb_blurb_3 et_pb_blurb et_pb_bg_layout_light et_pb_text_align_left et_pb_blurb_position_top et_pb_module et_flex_module preset--module--divi-blurb--212b201d-2c34-41bd-936c-851b7357d08b\"><div class=\"et_pb_blurb_content et_flex_module\"><div class=\"et_pb_main_blurb_image\"><span class=\"et_pb_image_wrap\"><span class=\"et-pb-icon\">\uf1b3<\/span><\/span><\/div><div class=\"et_pb_blurb_container\"><h4 class=\"et_pb_module_header\">Brand- og eksplosionsbeskyttelse\n\n\n<\/h4><div class=\"et_pb_blurb_description\"><p class=\"whitespace-normal break-words\">H\u00f8jtemperaturisolering fungerer som kritisk sikkerhedsbarriere mod brandspredning og eksplosionsrisiko. Det g\u00f8r det uundv\u00e6rligt til installationer p\u00e5 boreplatforme, krigsskibe og off-shore faciliteter, hvor sikkerhed er altafg\u00f8rende. Vores brandh\u00e6mmende l\u00f8sninger overholder internationale maritime og milit\u00e6re standarder og beskytter mod flammeudbredelse i op til 4 timer. Vi dimensionerer l\u00f8sninger og tykkelser efter risikovurdering og sikkerhedskrav, s\u00e5 brandbek\u00e6mpelse og evakueringsmuligheder optimeres.<\/p>\n<\/div><\/div><\/div><\/div>\n<\/div>\n<\/div>\n<\/div>\n\n<div class=\"et_pb_section_3 et_pb_section et_section_regular et_flex_section\">\n<div class=\"et_pb_row_5 et_pb_row et_flex_row preset--module--divi-row--5138c454-be54-4233-bd3b-f8e6a8747976\">\n<div class=\"et_pb_column_7 et_pb_column et-last-child et_flex_column et_pb_css_mix_blend_mode_passthrough et_flex_column_24_24 et_flex_column_24_24_tablet et_flex_column_24_24_phone preset--module--divi-column--73121f80-a3ef-4484-8763-c3f18e3c56d2\">\n<div class=\"et_pb_heading_4 et_pb_heading et_pb_module et_flex_module preset--module--divi-heading--f0c675ea-2574-4d0e-b725-30f8550a8550\"><div class=\"et_pb_heading_container\"><h4 class=\"et_pb_module_header\">Fordele ved H\u00f8jtemperaturisolering<\/h4><\/div><\/div>\n\n<div class=\"et_pb_heading_5 et_pb_heading et_pb_module et_flex_module preset--module--divi-heading--c33f07d9-41e0-421a-8799-5799df695cce\"><div class=\"et_pb_heading_container\"><h2 class=\"et_pb_module_header\">Vigtige funktioner<\/h2><\/div><\/div>\n<\/div>\n<\/div>\n\n<div class=\"et_pb_row_6 et_pb_row et_flex_row preset--module--divi-row--5138c454-be54-4233-bd3b-f8e6a8747976\">\n<div class=\"et_pb_column_8 et_pb_column et_flex_column et_pb_css_mix_blend_mode_passthrough et_flex_column_24_24 et_flex_column_24_24_tablet et_flex_column_24_24_phone preset--module--divi-column--73121f80-a3ef-4484-8763-c3f18e3c56d2\">\n<div class=\"et_pb_blurb_4 et_pb_blurb et_pb_bg_layout_light et_pb_blurb_position_left et_pb_module et_flex_module preset--module--divi-blurb--65059203-12d3-44f6-8371-3f5cf61a0475\"><div class=\"et_pb_blurb_content et_flex_module\"><div class=\"et_pb_main_blurb_image\"><span class=\"et_pb_image_wrap\"><span class=\"et-pb-icon\">\uf200<\/span><\/span><\/div><div class=\"et_pb_blurb_container\"><h4 class=\"et_pb_module_header\">Ekstrem temperaturbestandighed\n<\/h4><div class=\"et_pb_blurb_description\"><p data-start=\"283\" data-end=\"777\">H\u00f8jtemperaturisolering udm\u00e6rker sig ved sin evne til at modst\u00e5 ekstreme temperaturer uden at miste strukturel integritet eller isoleringsevne. L\u00f8sningen opretholder sin beskyttende funktion selv under pludselige temperatur\u00e6ndringer og termisk chok, hvilket g\u00f8r det ideelt til milit\u00e6re k\u00f8ret\u00f8jer, skibsmotorer og boreplatforme, hvor driftsforholdene er uforudsigelige. Det betyder maksimal sikkerhed, f\u00e6rre vedligeholdelsesintervaller og p\u00e5lidelig drift.\u00a0<\/p>\n<\/div><\/div><\/div><\/div>\n\n<div class=\"et_pb_blurb_5 et_pb_blurb et_pb_bg_layout_light et_pb_blurb_position_left et_pb_module et_flex_module preset--module--divi-blurb--65059203-12d3-44f6-8371-3f5cf61a0475\"><div class=\"et_pb_blurb_content et_flex_module\"><div class=\"et_pb_main_blurb_image\"><span class=\"et_pb_image_wrap\"><span class=\"et-pb-icon\">\uf028<\/span><\/span><\/div><div class=\"et_pb_blurb_container\"><h4 class=\"et_pb_module_header\">Vibrations- og chokresistens\n<\/h4><div class=\"et_pb_blurb_description\"><p data-start=\"1314\" data-end=\"1800\">Marine og milit\u00e6re anvendelser uds\u00e6tter l\u00f8sninger for kraftige vibrationer og mekaniske chok. Vores h\u00f8jtemperaturisolering er designet til at modst\u00e5 disse p\u00e5virkninger uden at revne, l\u00f8sne sig eller miste isoleringsevne. L\u00f8sningen fastholder sin position og struktur selv under kanonild, tunge s\u00f8gange eller maskinvibrationer. Dette sikrer konsistent beskyttelse og eliminerer risikoen for, at l\u00f8s isolering blokerer ventilation eller skaber sikkerhedsrisici i kritiske situationer.<\/p>\n<\/div><\/div><\/div><\/div>\n\n<div class=\"et_pb_blurb_6 et_pb_blurb et_pb_bg_layout_light et_pb_blurb_position_left et_pb_module et_flex_module preset--module--divi-blurb--65059203-12d3-44f6-8371-3f5cf61a0475\"><div class=\"et_pb_blurb_content et_flex_module\"><div class=\"et_pb_main_blurb_image\"><span class=\"et_pb_image_wrap\"><span class=\"et-pb-icon\">\ue012<\/span><\/span><\/div><div class=\"et_pb_blurb_container\"><h4 class=\"et_pb_module_header\">Dokumenteret holdbarhed\n\n<\/h4><div class=\"et_pb_blurb_description\"><p data-start=\"2327\" data-end=\"2799\">Vores h\u00f8jtemperaturprodukter er testet til kontinuerlig drift ved ekstreme temperaturer. Det sikrer lav total cost of ownership og minimal vedligeholdelse, hvilket er kritisk for off-shore installationer og milit\u00e6re systemer, hvor tilg\u00e6ngelighed er begr\u00e6nset og driftsstop uacceptabelt.<\/p>\n<\/div><\/div><\/div><\/div>\n\n<div class=\"et_pb_code_0 et_pb_code et_pb_module\"><\/div>\n<\/div>\n\n<div class=\"et_pb_column_9 et_pb_column et-last-child et_flex_column et_pb_css_mix_blend_mode_passthrough et_flex_column_24_24 et_flex_column_24_24_tablet et_flex_column_24_24_phone preset--module--divi-column--73121f80-a3ef-4484-8763-c3f18e3c56d2\">\n<div class=\"et_pb_blurb_7 et_pb_blurb et_pb_bg_layout_light et_pb_blurb_position_left et_pb_module et_flex_module preset--module--divi-blurb--65059203-12d3-44f6-8371-3f5cf61a0475\"><div class=\"et_pb_blurb_content et_flex_module\"><div class=\"et_pb_main_blurb_image\"><span class=\"et_pb_image_wrap\"><span class=\"et-pb-icon\">\uf134<\/span><\/span><\/div><div class=\"et_pb_blurb_container\"><h4 class=\"et_pb_module_header\">Korrosionsresistens\n<\/h4><div class=\"et_pb_blurb_description\"><p data-start=\"809\" data-end=\"1292\">H\u00f8jtemperaturisolering beskytter ikke kun mod varme, men ogs\u00e5 mod korrosive afgasser og saltvand, som er almindelige i maritime og off-shore milj\u00f8er. Resultatet er en holdbar l\u00f8sning, der beskytter b\u00e5de isoleringen selv og de underliggende strukturer mod korrosion og nedbrydning. Dette er is\u00e6r kritisk p\u00e5 boreplatforme og krigsskibe, hvor udskiftning er kompliceret og dyr.<\/p>\n<\/div><\/div><\/div><\/div>\n\n<div class=\"et_pb_blurb_8 et_pb_blurb et_pb_bg_layout_light et_pb_blurb_position_left et_pb_module et_flex_module preset--module--divi-blurb--65059203-12d3-44f6-8371-3f5cf61a0475\"><div class=\"et_pb_blurb_content et_flex_module\"><div class=\"et_pb_main_blurb_image\"><span class=\"et_pb_image_wrap\"><span class=\"et-pb-icon\">\uf64a<\/span><\/span><\/div><div class=\"et_pb_blurb_container\"><h4 class=\"et_pb_module_header\">Hurtig installation under vanskelige forhold\n\n\n<\/h4><div class=\"et_pb_blurb_description\"><p data-start=\"1828\" data-end=\"2295\">Med pr\u00e6fabrikerede elementer og modul\u00e6re systemer kan installationen foretages hurtigt, selv under udfordrende forhold p\u00e5 s\u00f8en eller i milit\u00e6re zoner. Isoleringen er designet til montering med minimal adgang og kan installeres af specialister med begr\u00e6nset tid og plads. Dette er afg\u00f8rende p\u00e5 opdrag, hvor skibe eller installationer skal v\u00e6re operationelle hurtigt, eller hvor vedligeholdelsesvinduet er minimalt. Altisol Industri Isolering leverer turnkey-l\u00f8sninger med erfarne montagehold.<\/p>\n<h4 data-start=\"2297\" data-end=\"2326\"><\/h4>\n<h4 data-start=\"2221\" data-end=\"2256\"><\/h4>\n<\/div><\/div><\/div><\/div>\n<\/div>\n<\/div>\n<\/div>\n\n<div class=\"et_pb_section_4 et_pb_section et_section_regular et_flex_section\">\n<div class=\"et_pb_row_7 et_pb_row et_flex_row\">\n<div class=\"et_pb_column_10 et_pb_column et-last-child et_flex_column et_pb_css_mix_blend_mode_passthrough et_flex_column_24_24 et_flex_column_24_24_tablet et_flex_column_24_24_phone\">\n<div class=\"et_pb_heading_6 et_pb_heading et_pb_module et_flex_module preset--module--divi-heading--c33f07d9-41e0-421a-8799-5799df695cce\"><div class=\"et_pb_heading_container\"><h2 class=\"et_pb_module_header\">Hvad er h\u00f8jtemperaturisolering?<\/h2><\/div><\/div>\n<\/div>\n<\/div>\n\n<div class=\"et_pb_row_8 et_pb_row et_flex_row\">\n<div class=\"et_pb_column_11 et_pb_column et_flex_column et_pb_css_mix_blend_mode_passthrough et_flex_column_24_24 et_flex_column_24_24_tablet et_flex_column_24_24_phone\">\n<div class=\"et_pb_text_2 et_pb_text et_pb_bg_layout_light et_pb_module et_flex_module preset--module--divi-text--default\"><div class=\"et_pb_text_inner\"><p class=\"whitespace-normal break-words\">H\u00f8jtemperaturisolering er specialiseret termisk beskyttelse, der anvendes til applikationer med ekstreme temperaturer. Den er s\u00e6rligt kritisk til udst\u00f8dningssystemer, turbomanifolder, milit\u00e6re k\u00f8ret\u00f8jer, handelsskibe, off-shore platforme og borerigge, hvor b\u00e5de sikkerhed og operationel effektivitet afh\u00e6nger af p\u00e5lidelig varmebeskyttelse.<\/p>\n<p class=\"whitespace-normal break-words\">Vores h\u00f8jtemperaturl\u00f8sninger har ekstrem lav varmeledningsevne og h\u00f8j modstandsdygtighed over for termisk chok. L\u00f8sningerne er is\u00e6r popul\u00e6re til kontinuerlig h\u00f8j temperatur, da de bevarer strukturel integritet ved gentagne opvarmnings- og afk\u00f8lingscyklusser. Specialiserede l\u00f8sninger bruges til applikationer, hvor mekanisk styrke og vibrationstolerance er kritisk.<\/p>\n<p class=\"whitespace-normal break-words\">En af de st\u00f8rste fordele ved h\u00f8jtemperaturisolering er den sikkerhed og energieffektivitet, den giver i kritiske systemer. L\u00f8sningen reducerer varmeudstr\u00e5ling drastisk, hvilket beskytter personale, elektronik og strukturer \u2013 og vores l\u00f8sninger dimensioneres og installeres efter internationale maritime og milit\u00e6re sikkerhedsstandarder. Det minimerer risikoen for forbr\u00e6ndinger, brandspredning og systemnedbrud.<\/p>\n<\/div><\/div>\n<\/div>\n\n<div class=\"et_pb_column_12 et_pb_column et-last-child et_flex_column et_pb_css_mix_blend_mode_passthrough et_flex_column_24_24 et_flex_column_24_24_tablet et_flex_column_24_24_phone\">\n<div class=\"et_pb_text_3 et_pb_text et_pb_bg_layout_light et_pb_module et_flex_module preset--module--divi-text--default\"><div class=\"et_pb_text_inner\"><p class=\"whitespace-normal break-words\">H\u00f8jtemperaturisolering har desuden en v\u00e6sentlig rolle i energioptimering. Ved at indkapsle varmen effektivt forbedres motorens termiske effektivitet, hvilket reducerer br\u00e6ndstofforbrug og emissioner. Dette er s\u00e6rligt v\u00e6rdifuldt p\u00e5 langdistance handelsskibe og off-shore installationer, hvor drifts\u00f8konomien er afg\u00f8rende.<\/p>\n<p class=\"whitespace-normal break-words\">Hos Altisol Industri Isolering har vi omfattende erfaring med at designe og installere h\u00f8jtemperaturl\u00f8sninger. Vores systemer kombinerer maksimal sikkerhed, optimal energieffektivitet og minimal vedligeholdelse \u2013 og vi r\u00e5dgiver dig om compliance med nationale og internationale sikkerhedsstandarder.<\/p>\n<p class=\"whitespace-normal break-words\">H\u00f8jtemperaturisolering er dermed ikke blot et sikkerhedstiltag \u2013 men en kritisk teknologi til at opn\u00e5 driftssikkerhed, energibesparelse og personalesikkerhed i de mest kr\u00e6vende industrielle milj\u00f8er.<\/p>\n<\/div><\/div>\n<\/div>\n<\/div>\n<\/div>\n\n<div class=\"et_pb_section_5 et_pb_section et_section_regular et_flex_section\">\n<div class=\"et_pb_row_9 et_pb_row et_flex_row preset--module--divi-row--5138c454-be54-4233-bd3b-f8e6a8747976\">\n<div class=\"et_pb_column_13 et_pb_column et-last-child et_flex_column et_pb_css_mix_blend_mode_passthrough et_flex_column_24_24 et_flex_column_24_24_tablet et_flex_column_24_24_phone preset--module--divi-column--73121f80-a3ef-4484-8763-c3f18e3c56d2\">\n<div class=\"et_pb_cta_0 et_pb_promo et_pb_bg_layout_light et_pb_module et_flex_module preset--module--divi-cta--4c2ad5d0-871e-414e-a4be-aa9134d4ae8e\"><div class=\"et_pb_promo_description\"><h2 class=\"et_pb_module_header\">F\u00e5 L\u00f8sninger p\u00e5 Dine Isoleringsbehov<\/h2><div class=\"et_pb_promo_content\"><p>Er du p\u00e5 udkig efter en p\u00e5lidelig l\u00f8sning til dine h\u00f8jtemperatur isoleringsbehov? Hos Altisol Industri Isolering ApS tilbyder vi l\u00f8sninger til maritime, milit\u00e6re og off-shore installationer. Kontakt os i dag for en uforpligtende konsultation om, hvordan vi kan hj\u00e6lpe dig med at optimere sikkerhed og effektivitet i dine h\u00f8jtemperatursystemer.<\/p>\n<\/div><\/div><div class=\"et_pb_button_wrapper\"><a class=\"et_pb_button et_pb_promo_button\" href=\"#\">Kontakt os nu<\/a><\/div><\/div>\n<\/div>\n<\/div>\n<\/div>","protected":false},"excerpt":{"rendered":"","protected":false},"author":1,"featured_media":0,"parent":0,"menu_order":0,"comment_status":"closed","ping_status":"closed","template":"","meta":{"footnotes":""},"class_list":["post-30","page","type-page","status-publish","hentry"],"_links":{"self":[{"href":"https:\/\/isolering.com\/index.php\/wp-json\/wp\/v2\/pages\/30","targetHints":{"allow":["GET"]}}],"collection":[{"href":"https:\/\/isolering.com\/index.php\/wp-json\/wp\/v2\/pages"}],"about":[{"href":"https:\/\/isolering.com\/index.php\/wp-json\/wp\/v2\/types\/page"}],"author":[{"embeddable":true,"href":"https:\/\/isolering.com\/index.php\/wp-json\/wp\/v2\/users\/1"}],"replies":[{"embeddable":true,"href":"https:\/\/isolering.com\/index.php\/wp-json\/wp\/v2\/comments?post=30"}],"version-history":[{"count":18,"href":"https:\/\/isolering.com\/index.php\/wp-json\/wp\/v2\/pages\/30\/revisions"}],"predecessor-version":[{"id":330,"href":"https:\/\/isolering.com\/index.php\/wp-json\/wp\/v2\/pages\/30\/revisions\/330"}],"wp:attachment":[{"href":"https:\/\/isolering.com\/index.php\/wp-json\/wp\/v2\/media?parent=30"}],"curies":[{"name":"wp","href":"https:\/\/api.w.org\/{rel}","templated":true}]}}