{"id":26,"date":"2025-05-25T10:35:48","date_gmt":"2025-05-25T10:35:48","guid":{"rendered":"https:\/\/isolering.com\/?page_id=26"},"modified":"2025-06-23T12:48:56","modified_gmt":"2025-06-23T12:48:56","slug":"skibsisolering","status":"publish","type":"page","link":"https:\/\/isolering.com\/index.php\/skibsisolering\/","title":{"rendered":"Skibsisolering"},"content":{"rendered":"<div class=\"et_pb_section_0 et_pb_section et_section_regular et_flex_section\">\n<div class=\"et_pb_row_0 et_pb_row et_flex_row preset--module--divi-row--5138c454-be54-4233-bd3b-f8e6a8747976\">\n<div class=\"et_pb_column_0 et_pb_column et-last-child et_flex_column et_pb_css_mix_blend_mode_passthrough et_flex_column_24_24 et_flex_column_24_24_tablet et_flex_column_24_24_phone preset--module--divi-column--73121f80-a3ef-4484-8763-c3f18e3c56d2\">\n<div class=\"et_pb_heading_0 et_pb_heading et_pb_module et_flex_module preset--module--divi-heading--f0c675ea-2574-4d0e-b725-30f8550a8550\"><div class=\"et_pb_heading_container\"><h4 class=\"et_pb_module_header\">Effektiv Isolering til Den maritime sektor<\/h4><\/div><\/div>\n\n<div class=\"et_pb_heading_1 et_pb_heading et_pb_module et_flex_module preset--module--divi-heading--ddeb8c09-9078-4424-bc15-2efb6572e28e\"><div class=\"et_pb_heading_container\"><h1 class=\"et_pb_module_header\">Professionel Skibsisolering til St\u00f8j, Varme og Sikkerhed ombord\n<\/h1><\/div><\/div>\n\n<div class=\"et_pb_text_0 et_pb_text et_pb_bg_layout_light et_pb_module et_flex_module preset--module--divi-text--2c55a9c4-feed-423b-9edb-ae0b5b365cac\"><div class=\"et_pb_text_inner\"><p>Altisol leverer brandsikker og energieffektiv skibsisolering til tekniske rum og komfortomr\u00e5der p\u00e5 alle fart\u00f8jstyper.<\/p>\n<\/div><\/div>\n\n<div class=\"et_pb_image_0 et_pb_image et_pb_module et_flex_module preset--module--divi-image--1cc6152f-565c-4c4d-b0c9-cf8c9576c341\"><span class=\"et_pb_image_wrap\"><img loading=\"lazy\" decoding=\"async\" src=\"https:\/\/isolering.com\/wp-content\/uploads\/2025\/05\/skibsisoleringcaesium.jpg\" alt=\"Teknisk isolering til skibe, fiskefart\u00f8jer, fragtskibe mm.\" title=\"skibsisolering\" width=\"1800\" height=\"1350\" srcset=\"https:\/\/isolering.com\/wp-content\/uploads\/2025\/05\/skibsisoleringcaesium.jpg 1800w, https:\/\/isolering.com\/wp-content\/uploads\/2025\/05\/skibsisoleringcaesium-1280x960.jpg 1280w, https:\/\/isolering.com\/wp-content\/uploads\/2025\/05\/skibsisoleringcaesium-980x735.jpg 980w, https:\/\/isolering.com\/wp-content\/uploads\/2025\/05\/skibsisoleringcaesium-480x360.jpg 480w\" sizes=\"(min-width: 0px) and (max-width: 480px) 480px, (min-width: 481px) and (max-width: 980px) 980px, (min-width: 981px) and (max-width: 1280px) 1280px, (min-width: 1281px) 1800px, 100vw\" class=\"wp-image-154\" \/><\/span><\/div>\n<\/div>\n<\/div>\n<\/div>\n\n<div class=\"et_pb_section_1 et_pb_section et_section_regular et_flex_section\">\n<div class=\"et_pb_row_1 et_pb_row et_flex_row preset--module--divi-row--048d8e79-b07f-439b-bd57-f41c14f0a56b\">\n<div class=\"et_pb_column_1 et_pb_column et-last-child et_flex_column et_pb_css_mix_blend_mode_passthrough et_flex_column_24_24 et_flex_column_24_24_tablet et_flex_column_24_24_phone\">\n<div class=\"et_pb_heading_2 et_pb_heading et_pb_module et_flex_module preset--module--divi-heading--c33f07d9-41e0-421a-8799-5799df695cce\"><div class=\"et_pb_heading_container\"><h2 class=\"et_pb_module_header\">Om Altisol Industri Isolering ApS<\/h2><\/div><\/div>\n\n<div class=\"et_pb_text_1 et_pb_text et_pb_bg_layout_light et_pb_module et_flex_module preset--module--divi-text--2c55a9c4-feed-423b-9edb-ae0b5b365cac\"><div class=\"et_pb_text_inner\"><p>Vi har mange \u00e5rs erfaring med specialiseret isolering til den maritime sektor. Med Altisol som partner f\u00e5r du adgang til viden om isolering i kr\u00e6vende milj\u00f8er, hvor fugt, vibration og pladsmangel stiller h\u00f8je krav. Vi anvender IMO-godkendte materialer og pr\u00e6fabrikerer komponenter til hurtig installation i dok eller havn \u2013 altid med fokus p\u00e5 funktion, komfort og sikkerhed.<\/p>\n<\/div><\/div>\n\n<div class=\"et_pb_image_1 et_pb_image et_pb_module et_flex_module\"><span class=\"et_pb_image_wrap\"><img loading=\"lazy\" decoding=\"async\" src=\"https:\/\/isolering.com\/wp-content\/uploads\/2025\/05\/altisol-industri-isolering_logo.png\" alt=\"Altisol Industri Isolerings logo\" title=\"altisol-industri-isolering_logo\" width=\"361\" height=\"330\" srcset=\"https:\/\/isolering.com\/wp-content\/uploads\/2025\/05\/altisol-industri-isolering_logo.png 361w, https:\/\/isolering.com\/wp-content\/uploads\/2025\/05\/altisol-industri-isolering_logo-300x274.png 300w\" sizes=\"(max-width: 361px) 100vw, 361px\" class=\"wp-image-70\" \/><\/span><\/div>\n<\/div>\n<\/div>\n<\/div>\n\n<div class=\"et_pb_section_2 et_pb_section et_section_regular et_flex_section\">\n<div class=\"et_pb_row_2 et_pb_row et_flex_row preset--module--divi-row--5138c454-be54-4233-bd3b-f8e6a8747976\">\n<div class=\"et_pb_column_2 et_pb_column et-last-child et_flex_column et_pb_css_mix_blend_mode_passthrough et_flex_column_24_24 et_flex_column_24_24_tablet et_flex_column_24_24_phone preset--module--divi-column--73121f80-a3ef-4484-8763-c3f18e3c56d2\">\n<div class=\"et_pb_heading_3 et_pb_heading et_pb_module et_flex_module preset--module--divi-heading--c33f07d9-41e0-421a-8799-5799df695cce\"><div class=\"et_pb_heading_container\"><h2 class=\"et_pb_module_header\">Vores Skibsisolerings ydelser<\/h2><\/div><\/div>\n<\/div>\n<\/div>\n\n<div class=\"et_pb_row_3 et_pb_row et_flex_row preset--module--divi-row--5138c454-be54-4233-bd3b-f8e6a8747976\">\n<div class=\"et_pb_column_3 et_pb_column et_flex_column et_pb_css_mix_blend_mode_passthrough et_flex_column_24_24 et_flex_column_24_24_tablet et_flex_column_24_24_phone preset--module--divi-column--73121f80-a3ef-4484-8763-c3f18e3c56d2\">\n<div class=\"et_pb_blurb_0 et_pb_blurb et_pb_bg_layout_light et_pb_text_align_left et_pb_blurb_position_top et_pb_module et_flex_module preset--module--divi-blurb--212b201d-2c34-41bd-936c-851b7357d08b\"><div class=\"et_pb_blurb_content et_flex_module\"><div class=\"et_pb_main_blurb_image\"><span class=\"et_pb_image_wrap\"><span class=\"et-pb-icon\">\uf65e<\/span><\/span><\/div><div class=\"et_pb_blurb_container\"><h4 class=\"et_pb_module_header\">Maskinrumsisolering<\/h4><div class=\"et_pb_blurb_description\"><p data-start=\"287\" data-end=\"753\">Et skibs maskinrum uds\u00e6ttes for ekstrem varme, st\u00f8j og vibrationer. Hos Altisol Industri Isolering leverer vi specialtilpasset varme- og lydisolering, der sikrer effektiv drift, beskytter mandskab og reducerer st\u00f8jgener til resten af fart\u00f8jet. Vores l\u00f8sninger er modstandsdygtige over for olie, fugt og h\u00f8je temperaturer \u2013 og designes til at opfylde kravene i selv de mest kr\u00e6vende driftsmilj\u00f8er. Vi anvender kun materialer, der er IMO-godkendte og langtidsholdbare.<\/p>\n<h4 data-start=\"755\" data-end=\"784\"><\/h4>\n<\/div><\/div><\/div><\/div>\n<\/div>\n\n<div class=\"et_pb_column_4 et_pb_column et-last-child et_flex_column et_pb_css_mix_blend_mode_passthrough et_flex_column_24_24 et_flex_column_24_24_tablet et_flex_column_24_24_phone preset--module--divi-column--73121f80-a3ef-4484-8763-c3f18e3c56d2\">\n<div class=\"et_pb_blurb_1 et_pb_blurb et_pb_bg_layout_light et_pb_text_align_left et_pb_blurb_position_top et_pb_module et_flex_module preset--module--divi-blurb--212b201d-2c34-41bd-936c-851b7357d08b\"><div class=\"et_pb_blurb_content et_flex_module\"><div class=\"et_pb_main_blurb_image\"><span class=\"et_pb_image_wrap\"><span class=\"et-pb-icon\">\uf76b<\/span><\/span><\/div><div class=\"et_pb_blurb_container\"><h4 class=\"et_pb_module_header\">Akustisk isolering\n<\/h4><div class=\"et_pb_blurb_description\"><p data-start=\"785\" data-end=\"1243\">St\u00f8jgener ombord kan have stor indvirkning p\u00e5 arbejdsmilj\u00f8 og komfort. Vi tilbyder lydisolerende l\u00f8sninger til blandt andet kahytter, gangarealer og opholdsrum, som reducerer b\u00e5de luftb\u00e5ren og strukturb\u00e5ren st\u00f8j. Vores materialer d\u00e6mper effektivt lyd fra motorer, pumper og ventilation og er lette at integrere i nye og eksisterende skibsmoduler. Resultatet er bedre trivsel, roligere omgivelser og en h\u00f8jere komfortstandard for b\u00e5de bes\u00e6tning og passagerer.<\/p>\n<h4 data-start=\"1245\" data-end=\"1268\"><\/h4>\n<\/div><\/div><\/div><\/div>\n<\/div>\n<\/div>\n\n<div class=\"et_pb_row_4 et_pb_row et_flex_row preset--module--divi-row--5138c454-be54-4233-bd3b-f8e6a8747976\">\n<div class=\"et_pb_column_5 et_pb_column et_flex_column et_pb_css_mix_blend_mode_passthrough et_flex_column_24_24 et_flex_column_24_24_tablet et_flex_column_24_24_phone preset--module--divi-column--73121f80-a3ef-4484-8763-c3f18e3c56d2\">\n<div class=\"et_pb_blurb_2 et_pb_blurb et_pb_bg_layout_light et_pb_text_align_left et_pb_blurb_position_top et_pb_module et_flex_module preset--module--divi-blurb--212b201d-2c34-41bd-936c-851b7357d08b\"><div class=\"et_pb_blurb_content et_flex_module\"><div class=\"et_pb_main_blurb_image\"><span class=\"et_pb_image_wrap\"><span class=\"et-pb-icon\">\uf67f<\/span><\/span><\/div><div class=\"et_pb_blurb_container\"><h4 class=\"et_pb_module_header\">Brandsikring<\/h4><div class=\"et_pb_blurb_description\"><p data-start=\"1269\" data-end=\"1748\">Brand ombord p\u00e5 et skib er en alvorlig risiko \u2013 og korrekt isolering spiller en vigtig rolle i at begr\u00e6nse skadens omfang. Vi installerer isoleringssystemer med brandh\u00e6mmende og ikke-br\u00e6ndbare materialer, som opfylder de maritime myndighedskrav og IMO-reguleringer. Isoleringen forsinker varmeudbredelsen, beskytter vitale installationer og kan indg\u00e5 som en del af brandzonering i fart\u00f8jets design. Vores l\u00f8sninger anvendes i maskinrum, tekniske skakte og v\u00e6gge mellem sektioner.<\/p>\n<h4 data-start=\"1750\" data-end=\"1783\"><\/h4>\n<\/div><\/div><\/div><\/div>\n<\/div>\n\n<div class=\"et_pb_column_6 et_pb_column et-last-child et_flex_column et_pb_css_mix_blend_mode_passthrough et_flex_column_24_24 et_flex_column_24_24_tablet et_flex_column_24_24_phone preset--module--divi-column--73121f80-a3ef-4484-8763-c3f18e3c56d2\">\n<div class=\"et_pb_blurb_3 et_pb_blurb et_pb_bg_layout_light et_pb_text_align_left et_pb_blurb_position_top et_pb_module et_flex_module preset--module--divi-blurb--212b201d-2c34-41bd-936c-851b7357d08b\"><div class=\"et_pb_blurb_content et_flex_module\"><div class=\"et_pb_main_blurb_image\"><span class=\"et_pb_image_wrap\"><span class=\"et-pb-icon\">\uf1b3<\/span><\/span><\/div><div class=\"et_pb_blurb_container\"><h4 class=\"et_pb_module_header\">R\u00f8r- og kanalisolering\n<\/h4><div class=\"et_pb_blurb_description\"><p data-start=\"1784\" data-end=\"2310\">Et effektivt r\u00f8r- og ventilationssystem kr\u00e6ver korrekt isolering for at minimere energitab og opretholde temperaturstyring. Vi tilbyder r\u00f8risolering til b\u00e5de varme og k\u00f8leinstallationer samt kanalisolering til ventilationssystemer ombord. Isoleringen beskytter mod kondens, forbedrer energieffektiviteten og reducerer risikoen for korrosion i fugtige og saltholdige omgivelser. Altisol Industri Isolering leverer b\u00e5de pr\u00e6fabrikerede l\u00f8sninger og on-site montage \u2013 altid tilpasset skibets specifikationer og installationsmilj\u00f8.<\/p>\n<\/div><\/div><\/div><\/div>\n<\/div>\n<\/div>\n<\/div>\n\n<div class=\"et_pb_section_3 et_pb_section et_section_regular et_flex_section\">\n<div class=\"et_pb_row_5 et_pb_row et_flex_row preset--module--divi-row--5138c454-be54-4233-bd3b-f8e6a8747976\">\n<div class=\"et_pb_column_7 et_pb_column et-last-child et_flex_column et_pb_css_mix_blend_mode_passthrough et_flex_column_24_24 et_flex_column_24_24_tablet et_flex_column_24_24_phone preset--module--divi-column--73121f80-a3ef-4484-8763-c3f18e3c56d2\">\n<div class=\"et_pb_heading_4 et_pb_heading et_pb_module et_flex_module preset--module--divi-heading--f0c675ea-2574-4d0e-b725-30f8550a8550\"><div class=\"et_pb_heading_container\"><h4 class=\"et_pb_module_header\">Fordele ved maritim Teknisk Isolering<\/h4><\/div><\/div>\n\n<div class=\"et_pb_heading_5 et_pb_heading et_pb_module et_flex_module preset--module--divi-heading--c33f07d9-41e0-421a-8799-5799df695cce\"><div class=\"et_pb_heading_container\"><h2 class=\"et_pb_module_header\">Vigtige Funktioner<\/h2><\/div><\/div>\n<\/div>\n<\/div>\n\n<div class=\"et_pb_row_6 et_pb_row et_flex_row preset--module--divi-row--5138c454-be54-4233-bd3b-f8e6a8747976\">\n<div class=\"et_pb_column_8 et_pb_column et_flex_column et_pb_css_mix_blend_mode_passthrough et_flex_column_24_24 et_flex_column_24_24_tablet et_flex_column_24_24_phone preset--module--divi-column--73121f80-a3ef-4484-8763-c3f18e3c56d2\">\n<div class=\"et_pb_blurb_4 et_pb_blurb et_pb_bg_layout_light et_pb_blurb_position_left et_pb_module et_flex_module preset--module--divi-blurb--65059203-12d3-44f6-8371-3f5cf61a0475\"><div class=\"et_pb_blurb_content et_flex_module\"><div class=\"et_pb_main_blurb_image\"><span class=\"et_pb_image_wrap\"><span class=\"et-pb-icon\">\uf200<\/span><\/span><\/div><div class=\"et_pb_blurb_container\"><h4 class=\"et_pb_module_header\">St\u00f8jd\u00e6mpning<\/h4><div class=\"et_pb_blurb_description\"><p>Skibe er pr\u00e6get af h\u00f8je lydniveauer fra motorer, pumper og tekniske installationer. Derfor er st\u00f8jd\u00e6mpning en afg\u00f8rende del af vores isoleringsl\u00f8sninger. Vi benytter specialudviklede materialer, der reducerer b\u00e5de luftb\u00e5ren og strukturb\u00e5ren st\u00f8j. Resultatet er markant forbedret komfort for bes\u00e6tning og passagerer, bedre arbejdsmilj\u00f8 og reduceret belastning p\u00e5 h\u00f8relsen.<\/p>\n<\/div><\/div><\/div><\/div>\n\n<div class=\"et_pb_blurb_5 et_pb_blurb et_pb_bg_layout_light et_pb_blurb_position_left et_pb_module et_flex_module preset--module--divi-blurb--65059203-12d3-44f6-8371-3f5cf61a0475\"><div class=\"et_pb_blurb_content et_flex_module\"><div class=\"et_pb_main_blurb_image\"><span class=\"et_pb_image_wrap\"><span class=\"et-pb-icon\">\uf028<\/span><\/span><\/div><div class=\"et_pb_blurb_container\"><h4 class=\"et_pb_module_header\">Fugtmodstand<\/h4><div class=\"et_pb_blurb_description\"><p data-start=\"1304\" data-end=\"1721\">Skibsisolering skal kunne modst\u00e5 aggressive maritime forhold \u2013 herunder saltvand, h\u00f8j luftfugtighed og store temperaturforskelle. Vi anvender materialer med fremragende modstandsdygtighed over for kondens og korrosion. Det beskytter installationer som r\u00f8r og kanaler mod rust og forl\u00e6nger levetiden betydeligt. Fugtbestandig isolering er is\u00e6r kritisk i maskinrum, tekniske skakte og alle omr\u00e5der t\u00e6t p\u00e5 havoverfladen.<\/p>\n<h4 data-start=\"1723\" data-end=\"1748\"><\/h4>\n<\/div><\/div><\/div><\/div>\n\n<div class=\"et_pb_blurb_6 et_pb_blurb et_pb_bg_layout_light et_pb_blurb_position_left et_pb_module et_flex_module preset--module--divi-blurb--65059203-12d3-44f6-8371-3f5cf61a0475\"><div class=\"et_pb_blurb_content et_flex_module\"><div class=\"et_pb_main_blurb_image\"><span class=\"et_pb_image_wrap\"><span class=\"et-pb-icon\">\ue012<\/span><\/span><\/div><div class=\"et_pb_blurb_container\"><h4 class=\"et_pb_module_header\">Pr\u00e6fabrikerede l\u00f8sninger\n<\/h4><div class=\"et_pb_blurb_description\"><p data-start=\"2257\" data-end=\"2678\">Tid er en knap ressource i den maritime branche. Derfor leverer vi pr\u00e6fabrikerede isoleringskomponenter, som sikrer hurtig og effektiv montering \u2013 ogs\u00e5 under korte dokophold eller i havn. Vores pr\u00e6cisionstilpassede dele reducerer arbejdstiden ombord, minimerer fejl og giver en ensartet finish. Det betyder, at du sparer b\u00e5de tid og penge, samtidig med at du f\u00e5r en l\u00f8sning, der lever op til alle krav og specifikationer.<\/p>\n<h4 data-start=\"2680\" data-end=\"2706\"><\/h4>\n<\/div><\/div><\/div><\/div>\n\n<div class=\"et_pb_code_0 et_pb_code et_pb_module\"><\/div>\n<\/div>\n\n<div class=\"et_pb_column_9 et_pb_column et-last-child et_flex_column et_pb_css_mix_blend_mode_passthrough et_flex_column_24_24 et_flex_column_24_24_tablet et_flex_column_24_24_phone preset--module--divi-column--73121f80-a3ef-4484-8763-c3f18e3c56d2\">\n<div class=\"et_pb_blurb_7 et_pb_blurb et_pb_bg_layout_light et_pb_blurb_position_left et_pb_module et_flex_module preset--module--divi-blurb--65059203-12d3-44f6-8371-3f5cf61a0475\"><div class=\"et_pb_blurb_content et_flex_module\"><div class=\"et_pb_main_blurb_image\"><span class=\"et_pb_image_wrap\"><span class=\"et-pb-icon\">\uf134<\/span><\/span><\/div><div class=\"et_pb_blurb_container\"><h4 class=\"et_pb_module_header\">V\u00e6gtreduktion<\/h4><div class=\"et_pb_blurb_description\"><p>I skibsdesign er v\u00e6gtoptimering essentielt for b\u00e5de br\u00e6ndstof\u00f8konomi og stabilitet. Derfor benytter vi letv\u00e6gtsmaterialer, der leverer h\u00f8j isoleringsevne uden at belaste skibets v\u00e6gtbalance. Let isolering er is\u00e6r vigtig i overbygninger og h\u00f8jt placerede installationer, hvor tungt udstyr kan p\u00e5virke tyngdepunktet negativt. Vores l\u00f8sninger g\u00f8r det muligt at opn\u00e5 energieffektivitet uden at g\u00e5 p\u00e5 kompromis med konstruktionens b\u00e6reevne eller fart\u00f8jets performance.<\/p>\n<\/div><\/div><\/div><\/div>\n\n<div class=\"et_pb_blurb_8 et_pb_blurb et_pb_bg_layout_light et_pb_blurb_position_left et_pb_module et_flex_module preset--module--divi-blurb--65059203-12d3-44f6-8371-3f5cf61a0475\"><div class=\"et_pb_blurb_content et_flex_module\"><div class=\"et_pb_main_blurb_image\"><span class=\"et_pb_image_wrap\"><span class=\"et-pb-icon\">\uf64a<\/span><\/span><\/div><div class=\"et_pb_blurb_container\"><h4 class=\"et_pb_module_header\">Brandsikkerhed\n\n<\/h4><div class=\"et_pb_blurb_description\"><p data-start=\"1749\" data-end=\"2219\">Brandsikkerhed er et altafg\u00f8rende hensyn ombord. Altisol Industri Isolering benytter kun IMO-godkendte og brandtestede isoleringsmaterialer, der lever op til internationale maritime standarder. Vores l\u00f8sninger bidrager til at forhindre brandspredning, forsinke varmeudvikling og beskytte livsvigtige installationer i tilf\u00e6lde af brand. Brandisolerede zoner spiller ogs\u00e5 en vigtig rolle i skibets evne til at overholde lovgivning og opn\u00e5 godkendelser fra klasseselskaber.<\/p>\n<h4 data-start=\"2221\" data-end=\"2256\"><\/h4>\n<\/div><\/div><\/div><\/div>\n\n<div class=\"et_pb_blurb_9 et_pb_blurb et_pb_bg_layout_light et_pb_blurb_position_left et_pb_module et_flex_module preset--module--divi-blurb--65059203-12d3-44f6-8371-3f5cf61a0475\"><div class=\"et_pb_blurb_content et_flex_module\"><div class=\"et_pb_main_blurb_image\"><span class=\"et_pb_image_wrap\"><span class=\"et-pb-icon\">\uf785<\/span><\/span><\/div><div class=\"et_pb_blurb_container\"><h4 class=\"et_pb_module_header\">Lang holdbarhed\n<\/h4><div class=\"et_pb_blurb_description\"><p data-start=\"2707\" data-end=\"3124\">Vores isoleringssystemer er udviklet til at modst\u00e5 de mest kr\u00e6vende forhold til s\u00f8s. Vibrationer fra motorer, salt i luften og konstant fugtp\u00e5virkning slider h\u00e5rdt p\u00e5 udstyr \u2013 men vores l\u00f8sninger holder til det hele. Materialerne er slidst\u00e6rke, UV-bestandige og t\u00e5ler b\u00e5de kemikalier og temperaturudsving. Det sikrer lang levetid, lav vedligeholdelse og f\u00e6rre udskiftninger \u2013 en investering, der betaler sig over tid.<\/p>\n<\/div><\/div><\/div><\/div>\n<\/div>\n<\/div>\n<\/div>\n\n<div class=\"et_pb_section_4 et_pb_section et_section_regular et_flex_section\">\n<div class=\"et_pb_row_7 et_pb_row et_flex_row\">\n<div class=\"et_pb_column_10 et_pb_column et-last-child et_flex_column et_pb_css_mix_blend_mode_passthrough et_flex_column_24_24 et_flex_column_24_24_tablet et_flex_column_24_24_phone\">\n<div class=\"et_pb_heading_6 et_pb_heading et_pb_module et_flex_module preset--module--divi-heading--c33f07d9-41e0-421a-8799-5799df695cce\"><div class=\"et_pb_heading_container\"><h2 class=\"et_pb_module_header\">Hvad er skibsisolering?<\/h2><\/div><\/div>\n<\/div>\n<\/div>\n\n<div class=\"et_pb_row_8 et_pb_row et_flex_row\">\n<div class=\"et_pb_column_11 et_pb_column et_flex_column et_pb_css_mix_blend_mode_passthrough et_flex_column_24_24 et_flex_column_24_24_tablet et_flex_column_24_24_phone\">\n<div class=\"et_pb_text_2 et_pb_text et_pb_bg_layout_light et_pb_module et_flex_module preset--module--divi-text--default\"><div class=\"et_pb_text_inner\"><p data-start=\"2091\" data-end=\"2392\"><strong data-start=\"2091\" data-end=\"2109\">Skibsisolering<\/strong> er en specialiseret form for teknisk isolering, som anvendes p\u00e5 skibe og maritime installationer. Isolering i skibe adskiller sig v\u00e6sentligt fra landbaserede l\u00f8sninger, da materialer og udf\u00f8relse skal kunne modst\u00e5 fugt, vibrationer, trange pladsforhold og store temperaturudsving.<\/p>\n<p data-start=\"2394\" data-end=\"2768\">Skibsisolering har tre overordnede funktioner: <strong data-start=\"2441\" data-end=\"2462\">termisk isolering<\/strong>, <strong data-start=\"2464\" data-end=\"2486\">akustisk isolering<\/strong> og <strong data-start=\"2490\" data-end=\"2506\">brandsikring<\/strong>. Termisk isolering bruges typisk i maskinrum, kedelanl\u00e6g og tekniske omr\u00e5der for at begr\u00e6nse varmetab og beskytte b\u00e5de mandskab og udstyr mod h\u00f8je temperaturer. Isolering sikrer her, at systemerne fungerer effektivt og sikkert, selv under ekstreme belastninger.<\/p>\n<p data-start=\"2770\" data-end=\"3151\">Akustisk isolering spiller en vigtig rolle i skibsdesign, is\u00e6r i opholdsrum, kabiner og gangarealer. Skibe genererer store m\u00e6ngder vibration og st\u00f8j fra motorer, propeller og tekniske installationer. Uden korrekt isolering kan dette skabe et ubehageligt milj\u00f8 for bes\u00e6tning og passagerer. Derfor anvendes s\u00e6rlige lydabsorberende materialer, der er b\u00e5de fleksible og brandgodkendte.<\/p>\n<\/div><\/div>\n<\/div>\n\n<div class=\"et_pb_column_12 et_pb_column et-last-child et_flex_column et_pb_css_mix_blend_mode_passthrough et_flex_column_24_24 et_flex_column_24_24_tablet et_flex_column_24_24_phone\">\n<div class=\"et_pb_text_3 et_pb_text et_pb_bg_layout_light et_pb_module et_flex_module preset--module--divi-text--default\"><div class=\"et_pb_text_inner\"><p data-start=\"2770\" data-end=\"3151\">Brandsikring er en anden vigtig funktion. Skibsisolering skal overholde IMO-regler og internationale sikkerhedsstandarder. Derfor anvendes der materialer, der modst\u00e5r ild og r\u00f8gspredning \u2013 og samtidig sikrer den strukturelle integritet i n\u00f8dsituationer.<\/p>\n<p data-start=\"3408\" data-end=\"3794\">Hos <strong data-start=\"3412\" data-end=\"3442\">Altisol Industri Isolering<\/strong> tilbyder vi professionel skibsisolering, hvor vi kombinerer h\u00f8j faglighed med fleksibel pr\u00e6fabrikation. Vi forst\u00e5r de s\u00e6rlige krav, der g\u00f8r sig g\u00e6ldende ombord \u2013 og vi arbejder effektivt, ogs\u00e5 n\u00e5r tidsplanen er stram og pladsen er begr\u00e6nset. Vores l\u00f8sninger tilpasses den enkelte skibstype og leveres altid med fokus p\u00e5 funktion, sikkerhed og komfort.<\/p>\n<p data-start=\"3796\" data-end=\"3949\">Skibsisolering er dermed en vigtig investering i driftsikkerhed og trivsel ombord \u2013 og en n\u00f8dvendighed for at opfylde g\u00e6ldende krav i det maritime milj\u00f8.<\/p>\n<\/div><\/div>\n<\/div>\n<\/div>\n<\/div>\n\n<div class=\"et_pb_section_5 et_pb_section et_section_regular et_flex_section\">\n<div class=\"et_pb_row_9 et_pb_row et_flex_row preset--module--divi-row--5138c454-be54-4233-bd3b-f8e6a8747976\">\n<div class=\"et_pb_column_13 et_pb_column et-last-child et_flex_column et_pb_css_mix_blend_mode_passthrough et_flex_column_24_24 et_flex_column_24_24_tablet et_flex_column_24_24_phone preset--module--divi-column--73121f80-a3ef-4484-8763-c3f18e3c56d2\">\n<div class=\"et_pb_cta_0 et_pb_promo et_pb_bg_layout_light et_pb_module et_flex_module preset--module--divi-cta--4c2ad5d0-871e-414e-a4be-aa9134d4ae8e\"><div class=\"et_pb_promo_description\"><h2 class=\"et_pb_module_header\">F\u00e5 L\u00f8sninger p\u00e5 Dine Isoleringsbehov<\/h2><div class=\"et_pb_promo_content\"><p>Er du p\u00e5 udkig efter en effektiv l\u00f8sning til dine isoleringsbehov? Hos Altisol Teknisk Isolering ApS tilbyder vi skr\u00e6ddersyede l\u00f8sninger til b\u00e5de varme, kolde og st\u00f8jende installationer. Kontakt os i dag for en uforpligtende samtale om, hvordan vi kan hj\u00e6lpe dig med at optimere dine systemer.<\/p>\n<\/div><\/div><div class=\"et_pb_button_wrapper\"><a class=\"et_pb_button et_pb_promo_button\" href=\"#\">Kontakt Os Nu<\/a><\/div><\/div>\n<\/div>\n<\/div>\n<\/div>","protected":false},"excerpt":{"rendered":"","protected":false},"author":1,"featured_media":0,"parent":0,"menu_order":0,"comment_status":"closed","ping_status":"closed","template":"","meta":{"footnotes":""},"class_list":["post-26","page","type-page","status-publish","hentry"],"_links":{"self":[{"href":"https:\/\/isolering.com\/index.php\/wp-json\/wp\/v2\/pages\/26","targetHints":{"allow":["GET"]}}],"collection":[{"href":"https:\/\/isolering.com\/index.php\/wp-json\/wp\/v2\/pages"}],"about":[{"href":"https:\/\/isolering.com\/index.php\/wp-json\/wp\/v2\/types\/page"}],"author":[{"embeddable":true,"href":"https:\/\/isolering.com\/index.php\/wp-json\/wp\/v2\/users\/1"}],"replies":[{"embeddable":true,"href":"https:\/\/isolering.com\/index.php\/wp-json\/wp\/v2\/comments?post=26"}],"version-history":[{"count":8,"href":"https:\/\/isolering.com\/index.php\/wp-json\/wp\/v2\/pages\/26\/revisions"}],"predecessor-version":[{"id":324,"href":"https:\/\/isolering.com\/index.php\/wp-json\/wp\/v2\/pages\/26\/revisions\/324"}],"wp:attachment":[{"href":"https:\/\/isolering.com\/index.php\/wp-json\/wp\/v2\/media?parent=26"}],"curies":[{"name":"wp","href":"https:\/\/api.w.org\/{rel}","templated":true}]}}